{"id":47,"date":"2020-04-13T17:08:53","date_gmt":"2020-04-13T16:08:53","guid":{"rendered":"http:\/\/kleinescherde.de\/?page_id=47"},"modified":"2022-04-17T14:19:52","modified_gmt":"2022-04-17T12:19:52","slug":"chronik","status":"publish","type":"page","link":"https:\/\/kleinescherde.de\/?page_id=47","title":{"rendered":"Chronik"},"content":{"rendered":"\n<figure class=\"wp-block-image size-large\"><img loading=\"lazy\" decoding=\"async\" width=\"1024\" height=\"427\" src=\"https:\/\/kleinescherde.de\/wp-content\/uploads\/2020\/04\/kopf3-1024x427.jpg\" alt=\"Heimatverein\" class=\"wp-image-4\" srcset=\"https:\/\/kleinescherde.de\/wp-content\/uploads\/2020\/04\/kopf3-1024x427.jpg 1024w, https:\/\/kleinescherde.de\/wp-content\/uploads\/2020\/04\/kopf3-300x125.jpg 300w, https:\/\/kleinescherde.de\/wp-content\/uploads\/2020\/04\/kopf3-768x320.jpg 768w, https:\/\/kleinescherde.de\/wp-content\/uploads\/2020\/04\/kopf3.jpg 1189w\" sizes=\"auto, (max-width: 706px) 89vw, (max-width: 767px) 82vw, 740px\" \/><\/figure>\n\n\n\n<p>Anfangs erscheint in Urkunden nur die Bezeichnung &#8222;Escherde&#8220; . <\/p>\n\n\n\n<p>Erstmals hei\u00dft es&nbsp;1258&nbsp;&#8222;in pravo Escherde&#8220;.<br>Aus den Jahren 1264 und 1296 werden Urkunden im Staatsarchiv in Hannover aufbewahrt .<br>Beide Orte geh\u00f6rten zum &#8222;G\u00fcldenen Winkel&#8220; und zum Amt Steuerwald .<\/p>\n\n\n\n<figure class=\"wp-block-table\"><table><tbody><tr><td><em><strong>1699<\/strong><\/em><\/td><td>wurde unsere Kapelle erbaut<\/td><\/tr><tr><td><strong>1832<\/strong><\/td><td>errichtete man das Schulgeb\u00e4ude , sp\u00e4ter wurde es um eine Schulklasse erweitert&nbsp;<\/td><\/tr><tr><td><em><strong>1894<\/strong><\/em><\/td><td>In der&nbsp; Hannoverschen&nbsp; H\u00f6ferolle sind&nbsp; 13 H\u00f6fe eingetragen<\/td><\/tr><tr><td><strong>1902<\/strong><\/td><td>Gr\u00fcndung der Freiwilligen Feuerwehr Gro\u00df und Klein Escherde<\/td><\/tr><tr><td><strong>1922<\/strong><\/td><td>Der Friedhof wird au\u00dferhalb des Ortes angelegt&nbsp;<\/td><\/tr><tr><td><strong>1934<\/strong><\/td><td>Bau der Wassergewinnungsanlage vor dem Wald<\/td><\/tr><tr><td><strong>1946<\/strong><\/td><td>Teilung der Wehren<\/td><\/tr><tr><td><strong>1952<\/strong><\/td><td>50j\u00e4hriges Bestehen der Freiwilligen Feuerwehr<\/td><\/tr><tr><td><strong>1953<\/strong><\/td><td>bis 1955 wird eine Flurbereinigung durchgef\u00fchr<\/td><\/tr><tr><td><strong>1956<\/strong><\/td><td>Bereitstellung von Bauland &#8222;\u00fcber den Weiden&#8220; f\u00fcr Vertriebene .<\/td><\/tr><tr><td><strong>1961<\/strong>&nbsp;<\/td><td>zus\u00e4tzlicher Bau eines 30,5 m tiefen Brunnens<\/td><\/tr><tr><td><em><strong>1962<\/strong><\/em><\/td><td>Einweihung des neuen Ehrenmals f\u00fcr die Gefallenen und Vermi\u00dften beider Weltkriege .<\/td><td><\/td><\/tr><tr><td><em><strong>1969<\/strong><\/em><\/td><td>Baugebiet &#8222;Meerbrink&#8220; erschlossen und Buswendeschleife errichtet<\/td><td><\/td><\/tr><tr><td><em><strong>1969<\/strong><\/em><\/td><td>bis 1970 Bau der Schmutzwasser- und Regenwasser-Kanalisation<\/td><td><\/td><\/tr><tr><td><em><strong>1971<\/strong><\/em><\/td><td><strong>Gr\u00fcndung&nbsp;<\/strong>der Samtgemeinde &#8222;G\u00fcldener Winkel&#8220; ,Versorgung des Ortes mit Erdgas sowie Ausbau der Stra\u00dfen<\/td><td><\/td><\/tr><tr><td><em><strong>1971<\/strong><\/em><\/td><td>Aufl\u00f6sung der Schule , die Kinder sind zur Mittelpunktschule nach Emmerke eingeschult ,seit der Eingemeindung nach Nordstemmen&nbsp; besuchen die Kinder die dortigen Schulen .<\/td><td><\/td><\/tr><tr><td><em><strong>1972<\/strong><\/em><\/td><td><strong>13.Nov.&nbsp;&nbsp;<\/strong>wurde unsere \u00fcber 250j\u00e4hrige Kastanie , die als Tanzbaum gezogen ist , vom Sturm vernichtet<\/td><td><\/td><\/tr><tr><td><em><strong>1973<\/strong><\/em><\/td><td>Abbruch der alten Kapelle. Wiederaufbau&nbsp; im Museumsdorf Cloppenburg&nbsp; .&nbsp;&nbsp;<\/td><td><\/td><\/tr><tr><td><em><strong>1974<\/strong><\/em><\/td><td><strong>&nbsp;1.M\u00e4rz&nbsp;&nbsp;<\/strong>Aufl\u00f6sung der selbst\u00e4ndigen Gemeinde Klein Escherde und Zuordnung zur&nbsp;Gemeinde Nordstemmen .<\/td><td><\/td><\/tr><tr><td><em><strong>1974<\/strong><\/em><\/td><td><strong>6.Juli<\/strong>&nbsp; Einweihung der neuen Kirche<\/td><td><\/td><\/tr><tr><td><em><strong>1978<\/strong><\/em><\/td><td>Feier des 75j\u00e4hrigen Bestehens der Freiwilligen Feuerwehr<\/td><td><\/td><\/tr><tr><td><em><strong>1979<\/strong><\/em><\/td><td>Neubau und Einweihung des Feuerwehrger\u00e4tehauses<\/td><\/tr><\/tbody><\/table><figcaption><em><strong>1979<\/strong><\/em><br>Neubau und Einweihung des Feuerwehrger\u00e4tehauses<br><br><br><em><strong>1979<\/strong><\/em><br>Teilnahme am Wettbewerb &#8220; Unser Dorf soll sch\u00f6ner werden &#8220;\u00a0 \u00a0 Ergebnis :\u00a0 7. Platz<br><br><em><strong>1980<\/strong><\/em><br>Ausbau der Ortseinfahrt<br><img decoding=\"async\" src=\"https:\/\/kleinescherde.de\/wp-content\/uploads\/2022\/04\/Escherde11_2000_03.jpg\" alt=\"Dieses Bild hat ein leeres Alt-Attribut. Der Dateiname ist Escherde11_2000_03.jpg\"><br><br><br><em><strong>1983<\/strong><\/em><br><strong>22.06.<\/strong>\u00a0 Teilnahme am Wettbewerb &#8220; Unser Dorf soll sch\u00f6ner werden &#8220;\u00a0 \u00a0\u00a0<br>Ergebnis :\u00a0 1. Platz\u00a0<br><br><em><strong>1988<\/strong><\/em><br><br><strong>15.04.<\/strong><br><strong>Gr\u00fcndung\u00a0 des Heimatvereines\u00a0<\/strong><br>&amp;<br><strong>14.08.\u00a0<\/strong>\u00a0 <br>Anlegung\u00a0 des Drosselparkes<br><br><em><strong>1990<\/strong><\/em><br>Fertigstellung der Stra\u00dfenanlage &#8222;Drosselgasse&#8220;<br><br><em><strong>1992<\/strong><\/em><br>Feier des 90j\u00e4hrigen Bestehens der Freiwilligen Feuerwehr<br><br><em><strong>1994<\/strong><\/em><br><br><strong>16.07.<\/strong><br><strong>Er\u00f6ffnung der Heimatstube<\/strong><br><br><em><strong>1997<\/strong><\/em><br><strong>01.05.\u00a0 \u00a0\u00a0<\/strong>Der Maibaum wird gesetzt (alte Tradition wird wieder entdeckt)<br><br><em><strong>1997<\/strong><\/em><br>\u00a0Dorferneuerung<br><br><em><strong>1998<\/strong><\/em><br>10 Jahre Heimatverein\u00a0<br>Klein Escherde<br><br><em><strong>1999<\/strong><\/em><br>\u00a0<br><strong>04.07.<\/strong><br>25 Jahre neue Kirche\u00a0 Klein Escherde <br><br><strong>Kirchfest<\/strong><br>300 Jahre Fachwerkkirche<br><br><strong>10.07.<\/strong><br><strong>Jubil\u00e4umsgottesdienst in\u00a0<\/strong>  <strong>Cloppenburg<\/strong><br><img decoding=\"async\" src=\"https:\/\/kleinescherde.de\/wp-content\/uploads\/2022\/04\/Pic005.gif\" alt=\"Fachwerkkirche Klein Escherde \"><br><br><br><br><strong>02.09.<\/strong><br><br><strong>Springbrunnen\u00a0<\/strong><br>in der Buswendeschleife<br><img decoding=\"async\" src=\"https:\/\/kleinescherde.de\/wp-content\/uploads\/2022\/04\/brunnen.jpg\" alt=\"Dieses Bild hat ein leeres Alt-Attribut. Der Dateiname ist brunnen.jpg\"><br><em>(vom Heimatverein gestiftet)<\/em><br>&amp;<br>der neue Schaukasten f\u00fcr alle Vereine wird eingeweiht\u00a0\u00a0\u00a0\u00a0\u00a0\u00a0\u00a0\u00a0<br>&amp;<br><em>Teilnahme am Wettbewerb &#8220; Unser Dorf soll sch\u00f6ner werden &#8220;\u00a0\u00a0\u00a0 Ergebnis :\u00a0 4. Platz<\/em><br>\u00a0<br><br><em><strong>2000<\/strong><\/em><br>Beginn des neuen Baugebietes im Nord-Osten<br><\/figcaption><\/figure>\n\n\n\n<p><\/p>\n\n\n\n<p><\/p>\n","protected":false},"excerpt":{"rendered":"<p>Anfangs erscheint in Urkunden nur die Bezeichnung &#8222;Escherde&#8220; . Erstmals hei\u00dft es&nbsp;1258&nbsp;&#8222;in pravo Escherde&#8220;.Aus den Jahren 1264 und 1296 werden Urkunden im Staatsarchiv in Hannover aufbewahrt .Beide Orte geh\u00f6rten zum &#8222;G\u00fcldenen Winkel&#8220; und zum Amt Steuerwald . 1699 wurde unsere Kapelle erbaut 1832 errichtete man das Schulgeb\u00e4ude , sp\u00e4ter wurde es um eine Schulklasse erweitert&nbsp; &hellip; <\/p>\n<p class=\"link-more\"><a href=\"https:\/\/kleinescherde.de\/?page_id=47\" class=\"more-link\"><span class=\"screen-reader-text\">\u201eChronik\u201c <\/span>weiterlesen<\/a><\/p>\n","protected":false},"author":1,"featured_media":0,"parent":0,"menu_order":0,"comment_status":"closed","ping_status":"closed","template":"","meta":{"footnotes":""},"class_list":["post-47","page","type-page","status-publish","hentry"],"_links":{"self":[{"href":"https:\/\/kleinescherde.de\/index.php?rest_route=\/wp\/v2\/pages\/47","targetHints":{"allow":["GET"]}}],"collection":[{"href":"https:\/\/kleinescherde.de\/index.php?rest_route=\/wp\/v2\/pages"}],"about":[{"href":"https:\/\/kleinescherde.de\/index.php?rest_route=\/wp\/v2\/types\/page"}],"author":[{"embeddable":true,"href":"https:\/\/kleinescherde.de\/index.php?rest_route=\/wp\/v2\/users\/1"}],"replies":[{"embeddable":true,"href":"https:\/\/kleinescherde.de\/index.php?rest_route=%2Fwp%2Fv2%2Fcomments&post=47"}],"version-history":[{"count":14,"href":"https:\/\/kleinescherde.de\/index.php?rest_route=\/wp\/v2\/pages\/47\/revisions"}],"predecessor-version":[{"id":247,"href":"https:\/\/kleinescherde.de\/index.php?rest_route=\/wp\/v2\/pages\/47\/revisions\/247"}],"wp:attachment":[{"href":"https:\/\/kleinescherde.de\/index.php?rest_route=%2Fwp%2Fv2%2Fmedia&parent=47"}],"curies":[{"name":"wp","href":"https:\/\/api.w.org\/{rel}","templated":true}]}}