{"id":43,"date":"2020-04-13T17:07:02","date_gmt":"2020-04-13T16:07:02","guid":{"rendered":"http:\/\/kleinescherde.de\/?page_id=43"},"modified":"2020-04-25T09:58:59","modified_gmt":"2020-04-25T07:58:59","slug":"heimatverein","status":"publish","type":"page","link":"https:\/\/kleinescherde.de\/?page_id=43","title":{"rendered":"Heimatverein"},"content":{"rendered":"\n<figure class=\"wp-block-image size-large\"><img loading=\"lazy\" decoding=\"async\" width=\"1024\" height=\"427\" src=\"https:\/\/kleinescherde.de\/wp-content\/uploads\/2020\/04\/kopf3-1024x427.jpg\" alt=\"Heimatverein\" class=\"wp-image-4\" srcset=\"https:\/\/kleinescherde.de\/wp-content\/uploads\/2020\/04\/kopf3-1024x427.jpg 1024w, https:\/\/kleinescherde.de\/wp-content\/uploads\/2020\/04\/kopf3-300x125.jpg 300w, https:\/\/kleinescherde.de\/wp-content\/uploads\/2020\/04\/kopf3-768x320.jpg 768w, https:\/\/kleinescherde.de\/wp-content\/uploads\/2020\/04\/kopf3.jpg 1189w\" sizes=\"auto, (max-width: 706px) 89vw, (max-width: 767px) 82vw, 740px\" \/><\/figure>\n\n\n\n<p>Der Heimatverein Klein Escherde wurde&nbsp;am 15. April 1988 gegr\u00fcndet.<\/p>\n\n\n\n<p><em>Seit 1988 k\u00fcmmert sich der Heimatverein Klein Escherde um die Pflege der d\u00f6rflichen Kultur und des Brauchtums.<\/em><\/p>\n\n\n\n<p><em>Der Heimatverein ist eine wichtige Institution geworden, wenn es um Entscheidungen um das Dorfbild und die d\u00f6rfliche Kultur geht.&nbsp;<\/em><\/p>\n\n\n\n<p><em>Besuchen Sie uns doch einmal in Klein Escherde.<\/em><\/p>\n\n\n\n<p><em>Der Heimatverein Klein Escherde<\/em><\/p>\n","protected":false},"excerpt":{"rendered":"<p>Der Heimatverein Klein Escherde wurde&nbsp;am 15. April 1988 gegr\u00fcndet. Seit 1988 k\u00fcmmert sich der Heimatverein Klein Escherde um die Pflege der d\u00f6rflichen Kultur und des Brauchtums. Der Heimatverein ist eine wichtige Institution geworden, wenn es um Entscheidungen um das Dorfbild und die d\u00f6rfliche Kultur geht.&nbsp; Besuchen Sie uns doch einmal in Klein Escherde. Der Heimatverein &hellip; <\/p>\n<p class=\"link-more\"><a href=\"https:\/\/kleinescherde.de\/?page_id=43\" class=\"more-link\"><span class=\"screen-reader-text\">\u201eHeimatverein\u201c <\/span>weiterlesen<\/a><\/p>\n","protected":false},"author":1,"featured_media":0,"parent":0,"menu_order":0,"comment_status":"closed","ping_status":"closed","template":"","meta":{"footnotes":""},"class_list":["post-43","page","type-page","status-publish","hentry"],"_links":{"self":[{"href":"https:\/\/kleinescherde.de\/index.php?rest_route=\/wp\/v2\/pages\/43","targetHints":{"allow":["GET"]}}],"collection":[{"href":"https:\/\/kleinescherde.de\/index.php?rest_route=\/wp\/v2\/pages"}],"about":[{"href":"https:\/\/kleinescherde.de\/index.php?rest_route=\/wp\/v2\/types\/page"}],"author":[{"embeddable":true,"href":"https:\/\/kleinescherde.de\/index.php?rest_route=\/wp\/v2\/users\/1"}],"replies":[{"embeddable":true,"href":"https:\/\/kleinescherde.de\/index.php?rest_route=%2Fwp%2Fv2%2Fcomments&post=43"}],"version-history":[{"count":5,"href":"https:\/\/kleinescherde.de\/index.php?rest_route=\/wp\/v2\/pages\/43\/revisions"}],"predecessor-version":[{"id":84,"href":"https:\/\/kleinescherde.de\/index.php?rest_route=\/wp\/v2\/pages\/43\/revisions\/84"}],"wp:attachment":[{"href":"https:\/\/kleinescherde.de\/index.php?rest_route=%2Fwp%2Fv2%2Fmedia&parent=43"}],"curies":[{"name":"wp","href":"https:\/\/api.w.org\/{rel}","templated":true}]}}