{"id":219,"date":"2022-04-17T13:12:19","date_gmt":"2022-04-17T11:12:19","guid":{"rendered":"http:\/\/kleinescherde.de\/?page_id=219"},"modified":"2024-11-10T09:10:12","modified_gmt":"2024-11-10T07:10:12","slug":"wissen-ueber-den-ort","status":"publish","type":"page","link":"https:\/\/kleinescherde.de\/?page_id=219","title":{"rendered":"Wissen \u00fcber den Ort"},"content":{"rendered":"\n<figure class=\"wp-block-table\"><table><tbody><tr><td><img loading=\"lazy\" decoding=\"async\" width=\"150\" height=\"206\" class=\"wp-image-220\" style=\"width: 150px;\" src=\"https:\/\/kleinescherde.de\/wp-content\/uploads\/2022\/04\/Key.gif\" alt=\"\"><\/td><td><em>Das Wappen<\/em><br>Klein Escherde hat rote Schl\u00fcssel auf goldenem Grund und Gro\u00df Escherde umgekehrt .<br>Diese Wappen wurden bis zur Aufl\u00f6sung der selbst\u00e4ndigen Gemeinde im Dienstsiegel gef\u00fchrt .<br><\/td><\/tr><tr><td><img decoding=\"async\" src=\"https:\/\/kleinescherde.de\/wp-content\/uploads\/2022\/04\/kirche1a.gif\" alt=\"Dieses Bild hat ein leeres Alt-Attribut. Der Dateiname ist kirche1a.gif\"><\/td><td>Fachwerkkirche von Klein Escherde im Museumsdorf Cloppenburg wieder vollst\u00e4ndig aufgebaut<\/td><\/tr><tr><td><\/td><td><\/td><\/tr><tr><td><\/td><td><\/td><\/tr><\/tbody><\/table><\/figure>\n\n\n\n<figure class=\"wp-block-table\"><table><tbody><tr><td><em>Woher kommt das Wappen von Klein Escherde ?<\/em> <br><br>Die Ritter von Escherde waren in dieser Gegend ein machtvolles Geschlecht, nach ihnen wurden Gro\u00df und Klein Escherde benannt .<br>In ihrem Wappen zeigten\u00a0 sie auf einem Schild zwei Schl\u00fcssel , deren B\u00e4rte nach au\u00dfen gerichtet sind . <br><br><em>Wenn Sie noch mehr \u00fcber Klein Escherde wissen m\u00f6chten, besuchen Sie doch einmal unserer Heimatstube.<\/em><br><br> <strong><em>Alte Bilder oder Unterlagen \u00fcber den Ort gesucht !!!! Haben Sie etwas f\u00fcr uns ???<\/em><\/strong> <br><br><em><u>Ansprechpartner: 1.Vorsitzende: <\/u><\/em>Herr Stefan Reichert 0176 23111037<br>\u00a0<br><em>Der Heimatverein Klein Escherde<\/em><\/td><\/tr><\/tbody><\/table><\/figure>\n","protected":false},"excerpt":{"rendered":"<p>Das WappenKlein Escherde hat rote Schl\u00fcssel auf goldenem Grund und Gro\u00df Escherde umgekehrt .Diese Wappen wurden bis zur Aufl\u00f6sung der selbst\u00e4ndigen Gemeinde im Dienstsiegel gef\u00fchrt . Fachwerkkirche von Klein Escherde im Museumsdorf Cloppenburg wieder vollst\u00e4ndig aufgebaut Woher kommt das Wappen von Klein Escherde ? Die Ritter von Escherde waren in dieser Gegend ein machtvolles Geschlecht, &hellip; <\/p>\n<p class=\"link-more\"><a href=\"https:\/\/kleinescherde.de\/?page_id=219\" class=\"more-link\"><span class=\"screen-reader-text\">\u201eWissen \u00fcber den Ort\u201c <\/span>weiterlesen<\/a><\/p>\n","protected":false},"author":1,"featured_media":0,"parent":0,"menu_order":0,"comment_status":"closed","ping_status":"closed","template":"","meta":{"footnotes":""},"class_list":["post-219","page","type-page","status-publish","hentry"],"_links":{"self":[{"href":"https:\/\/kleinescherde.de\/index.php?rest_route=\/wp\/v2\/pages\/219","targetHints":{"allow":["GET"]}}],"collection":[{"href":"https:\/\/kleinescherde.de\/index.php?rest_route=\/wp\/v2\/pages"}],"about":[{"href":"https:\/\/kleinescherde.de\/index.php?rest_route=\/wp\/v2\/types\/page"}],"author":[{"embeddable":true,"href":"https:\/\/kleinescherde.de\/index.php?rest_route=\/wp\/v2\/users\/1"}],"replies":[{"embeddable":true,"href":"https:\/\/kleinescherde.de\/index.php?rest_route=%2Fwp%2Fv2%2Fcomments&post=219"}],"version-history":[{"count":3,"href":"https:\/\/kleinescherde.de\/index.php?rest_route=\/wp\/v2\/pages\/219\/revisions"}],"predecessor-version":[{"id":383,"href":"https:\/\/kleinescherde.de\/index.php?rest_route=\/wp\/v2\/pages\/219\/revisions\/383"}],"wp:attachment":[{"href":"https:\/\/kleinescherde.de\/index.php?rest_route=%2Fwp%2Fv2%2Fmedia&parent=219"}],"curies":[{"name":"wp","href":"https:\/\/api.w.org\/{rel}","templated":true}]}}