{"id":19,"date":"2020-04-13T16:10:24","date_gmt":"2020-04-13T15:10:24","guid":{"rendered":"http:\/\/kleinescherde.de\/?page_id=19"},"modified":"2025-10-19T19:36:06","modified_gmt":"2025-10-19T17:36:06","slug":"impressum","status":"publish","type":"page","link":"https:\/\/kleinescherde.de\/?page_id=19","title":{"rendered":"Impressum"},"content":{"rendered":"\n<figure class=\"wp-block-image size-large\"><img loading=\"lazy\" decoding=\"async\" width=\"1024\" height=\"427\" src=\"https:\/\/kleinescherde.de\/wp-content\/uploads\/2020\/04\/kopf3-1024x427.jpg\" alt=\"Heimatverein\" class=\"wp-image-4\" srcset=\"https:\/\/kleinescherde.de\/wp-content\/uploads\/2020\/04\/kopf3-1024x427.jpg 1024w, https:\/\/kleinescherde.de\/wp-content\/uploads\/2020\/04\/kopf3-300x125.jpg 300w, https:\/\/kleinescherde.de\/wp-content\/uploads\/2020\/04\/kopf3-768x320.jpg 768w, https:\/\/kleinescherde.de\/wp-content\/uploads\/2020\/04\/kopf3.jpg 1189w\" sizes=\"auto, (max-width: 706px) 89vw, (max-width: 767px) 82vw, 740px\" \/><\/figure>\n\n\n\n<p><a href=\"http:\/\/www.klein-escherde.de\/\">www.klein-escherde.de<\/a>&nbsp;,&nbsp;<\/p>\n\n\n\n<p><a href=\"http:\/\/www.klein-escherde.de\/\">www.klein-escherde.eu<\/a>&nbsp;,&nbsp;<\/p>\n\n\n\n<p><a href=\"http:\/\/www.kleinescherde.de\/\">www.kleinescherde.de<\/a>&nbsp;, <\/p>\n\n\n\n<p>www.<strong>kleinescherde.com<\/strong> , <\/p>\n\n\n\n<p>www.<strong>klein-escherde.info<\/strong> und&nbsp;<\/p>\n\n\n\n<p><a href=\"http:\/\/www.klein-escherde.com\/\">www.klein-escherde.com<\/a>&nbsp;<\/p>\n\n\n\n<p>ist die Internetseite&nbsp;&nbsp;des Heimatverein Klein Escherde.<\/p>\n\n\n\n<p><strong>Anschrift<\/strong><\/p>\n\n\n\n<p><strong>Heimatverein Klein Escherde<\/strong><\/p>\n\n\n\n<p>1. Vorsitzende Stefan Reichert<\/p>\n\n\n\n<p>Akazienstrasse 3<\/p>\n\n\n\n<p>31171 Nordstemmen \/ Klein Escherde<\/p>\n\n\n\n<p>Telefon: \u00a0\u00a0\u00a0+49 1525 4883961<\/p>\n\n\n\n<p><br>E-Mail:&nbsp;&nbsp;&nbsp;<a href=\"mailto:Heimatverein@klein-escherde.de\">Heimatverein@klein-escherde.de<\/a><br>&nbsp;<\/p>\n\n\n\n<p><strong>Verantwortlich<\/strong><\/p>\n\n\n\n<p>Andreas Hauchstein<\/p>\n\n\n\n<p>Drosselgasse 6<\/p>\n\n\n\n<p>31171 Nordstemmen \/ Klein Escherde<\/p>\n\n\n\n<p>Telefon: 05069 &#8211; 3525<br>E-Mail:&nbsp;&nbsp;&nbsp;<a href=\"mailto:Heimatverein@klein-escherde.de\">Hauchstein@Klein-escherde.de<\/a><br>&nbsp;<\/p>\n\n\n\n<p><strong>Rechtshinweis\/Disclaimer<\/strong><br><br>Urheberrecht und Haftungsausschluss<\/p>\n\n\n\n<p>Alle Informationen auf dieser Website unterliegen der st\u00e4ndigen Pr\u00fcfung und Aktualisierung durch die Herausgeber. Trotz aller Sorgfalt k\u00f6nnen Angaben zwischenzeitlich veralten, daher \u00fcbernehmen wir keine Haftung oder Garantie f\u00fcr die Aktualit\u00e4t, Richtigkeit und Vollst\u00e4ndigkeit der zur Verf\u00fcgung gestellten Informationen. Gleiches gilt f\u00fcr Informationen, die auf Websites au\u00dferhalb des Verantwortungsbereiches des Herausgebers liegen und per Link aufgerufen werden k\u00f6nnen.<\/p>\n\n\n\n<p>Des weiteren beh\u00e4lt sich der Herausgeber das Recht vor, an den bereitgestellten Informationen \u00c4nderungen oder Erg\u00e4nzungen vorzunehmen. Alle Inhalte der Website&nbsp;<\/p>\n\n\n\n<p><a href=\"http:\/\/www.klein-escherde.de\/\">www.klein-escherde.de<\/a>&nbsp;,&nbsp;<a href=\"http:\/\/www.klein-escherde.de\/\">www.klein-escherde.eu<\/a>&nbsp;,&nbsp;<a href=\"http:\/\/www.kleinescherde.de\/\">www.kleinescherde.de<\/a>&nbsp;, www.<strong>kleinescherde.com<\/strong> , <\/p>\n\n\n\n<p>www.<strong>klein-escherde.info<\/strong> und&nbsp;<a href=\"http:\/\/www.klein-escherde.com\/\">www.klein-escherde.com<\/a><\/p>\n\n\n\n<p>sind urheberrechtlich gesch\u00fctzt. Die Vervielf\u00e4ltigung von Informationen oder Daten, insbesondere die Verwendung von Texten, Textteilen oder Bildmaterial bedarf der vorherigen Zustimmung der Herausgeber.<\/p>\n\n\n\n<p>Alle Rechte vorbehalten.<\/p>\n\n\n\n<p>Insbesondere d\u00fcrfen Nachdruck, Aufnahme in Online-Dienste und Internet und Vervielf\u00e4ltigung auf Datentr\u00e4ger wie CD-ROM, DVD-ROM etc. \u2013 auch auszugsweise &#8211; nur nach vorheriger schriftlicher Zustimmung des Heimatvereines Klein Escherde erfolgen.<\/p>\n\n\n\n<p>F\u00fcr unverlangt eingesandte Manuskripte kann keine Haftung \u00fcbernommen werden. Mit \u00dcbergabe der Manuskripte und Bilder an die Redaktion erteilt der Verfasser des Heimatvereines Klein Escherde das Recht zur Ver\u00f6ffentlichung. Honorierte Arbeiten gehen in das Verf\u00fcgungsrecht des Heimatvereines Klein-Escherde \u00fcber. Warennamen werden ohne Gew\u00e4hrleistung einer freien Verf\u00fcgung genutzt.<\/p>\n\n\n\n<p>Der Heimatverein Klein Escherde&nbsp;hat auf ihren Internetseiten Links (Querverweise) zu anderen Seiten im Internet geschaltet. Der Heimatverein Klein Escherde erkl\u00e4rt ausdr\u00fccklich, dass der Heimatverein Klein Escherde keinerlei Einfluss auf die Gestaltung und die Inhalte der gelinkten Seiten hat. Deshalb distanziert sich der Heimatverein Klein Escherde ausdr\u00fccklich von s\u00e4mtlichen Inhalten aller verkn\u00fcpften Internetseiten, die nicht auf dem Server des Heimatverein Klein Escherde bzw. auf dem entsprechenden Serverbereich des von ihr beauftragten Providers abgelegt sind. Diese Erkl\u00e4rung gilt f\u00fcr alle angezeigten Links und f\u00fcr alle Inhalte der Seiten, zu denen die bei der Heimatverein Klein Escherde installierten Banner und Links f\u00fchren. Des Weiteren erkl\u00e4rt der Heimatverein Klein Escherde ausdr\u00fccklich, dass Inhalte in Rubriken wie G\u00e4stebuch, Forum oder \u00e4hnlichen Rubriken nicht zwingend der Meinung der Heimatverein Klein Escherde entsprechen. Der Heimatverein Klein Escherde \u00fcbernimmt daher keine Verantwortung oder Haftung f\u00fcr den Inhalt dieser Kommuniaktionsplattformen, weder f\u00fcr Fehler, allgemein Strafbares, Diffamierungen, Verleumdungen, \u00fcble Nachreden, Unterlassungen, Rufsch\u00e4digungen, Obsz\u00f6nit\u00e4ten, Pornographie, Religionsvergehen, Gefahren oder Ungenauigkeiten der Informationen in den Kommunikationsforen der Homepage.<\/p>\n\n\n\n<p>Es ist jedermann untersagt, rechtswidriges, drohendes, gewaltverherrlichendes, rassistisches, menschenverachtendes, verleumderisches, diffamierendes, obsz\u00f6nes, anst\u00f6\u00dfiges, aufreizendes, pornographisches oder verunglimpfendes Material bzw. Material, das strafbares Verhalten darstellt oder zu strafbarem Verhalten auffordert bzw. gegen sonstige gesetzliche Bestimmungen verst\u00f6\u00dft, zu \u00fcbermitteln oder als Nachricht bereitzustellen.<\/p>\n\n\n\n<p>Bei strafrechtsrelevantem Tatbestand wird der Heimatverein Klein Escherde Strafanzeige erstatten.<\/p>\n","protected":false},"excerpt":{"rendered":"<p>www.klein-escherde.de&nbsp;,&nbsp; www.klein-escherde.eu&nbsp;,&nbsp; www.kleinescherde.de&nbsp;, www.kleinescherde.com , www.klein-escherde.info und&nbsp; www.klein-escherde.com&nbsp; ist die Internetseite&nbsp;&nbsp;des Heimatverein Klein Escherde. Anschrift Heimatverein Klein Escherde 1. Vorsitzende Stefan Reichert Akazienstrasse 3 31171 Nordstemmen \/ Klein Escherde Telefon: \u00a0\u00a0\u00a0+49 1525 4883961 E-Mail:&nbsp;&nbsp;&nbsp;Heimatverein@klein-escherde.de&nbsp; Verantwortlich Andreas Hauchstein Drosselgasse 6 31171 Nordstemmen \/ Klein Escherde Telefon: 05069 &#8211; 3525E-Mail:&nbsp;&nbsp;&nbsp;Hauchstein@Klein-escherde.de&nbsp; Rechtshinweis\/Disclaimer Urheberrecht und Haftungsausschluss Alle Informationen auf &hellip; <\/p>\n<p class=\"link-more\"><a href=\"https:\/\/kleinescherde.de\/?page_id=19\" class=\"more-link\"><span class=\"screen-reader-text\">\u201eImpressum\u201c <\/span>weiterlesen<\/a><\/p>\n","protected":false},"author":1,"featured_media":0,"parent":0,"menu_order":0,"comment_status":"closed","ping_status":"closed","template":"","meta":{"footnotes":""},"class_list":["post-19","page","type-page","status-publish","hentry"],"_links":{"self":[{"href":"https:\/\/kleinescherde.de\/index.php?rest_route=\/wp\/v2\/pages\/19","targetHints":{"allow":["GET"]}}],"collection":[{"href":"https:\/\/kleinescherde.de\/index.php?rest_route=\/wp\/v2\/pages"}],"about":[{"href":"https:\/\/kleinescherde.de\/index.php?rest_route=\/wp\/v2\/types\/page"}],"author":[{"embeddable":true,"href":"https:\/\/kleinescherde.de\/index.php?rest_route=\/wp\/v2\/users\/1"}],"replies":[{"embeddable":true,"href":"https:\/\/kleinescherde.de\/index.php?rest_route=%2Fwp%2Fv2%2Fcomments&post=19"}],"version-history":[{"count":9,"href":"https:\/\/kleinescherde.de\/index.php?rest_route=\/wp\/v2\/pages\/19\/revisions"}],"predecessor-version":[{"id":423,"href":"https:\/\/kleinescherde.de\/index.php?rest_route=\/wp\/v2\/pages\/19\/revisions\/423"}],"wp:attachment":[{"href":"https:\/\/kleinescherde.de\/index.php?rest_route=%2Fwp%2Fv2%2Fmedia&parent=19"}],"curies":[{"name":"wp","href":"https:\/\/api.w.org\/{rel}","templated":true}]}}