{"id":177,"date":"2022-03-13T13:59:58","date_gmt":"2022-03-13T11:59:58","guid":{"rendered":"http:\/\/kleinescherde.de\/?page_id=177"},"modified":"2025-12-29T23:05:46","modified_gmt":"2025-12-29T21:05:46","slug":"wissenswertes-im-ort","status":"publish","type":"page","link":"https:\/\/kleinescherde.de\/?page_id=177","title":{"rendered":"Wissenswertes im Ort"},"content":{"rendered":"\n<p><br><strong><span style=\"text-decoration: underline;\">Ansprechpartner:<\/span><\/strong><\/p>\n\n\n\n<p>Ortsb\u00fcrgermeisterin: <\/p>\n\n\n\n<p>Stephanie Moyzeschewitz ; \u00dcber den Weiden 13 ,  Tel: 05069\/4809269<\/p>\n\n\n\n<p>Termine Gesamt\u00fcbersicht Klein Escherde<\/p>\n\n\n\n<div data-wp-interactive=\"core\/file\" class=\"wp-block-file\"><object data-wp-bind--hidden=\"!state.hasPdfPreview\" hidden class=\"wp-block-file__embed\" data=\"https:\/\/kleinescherde.de\/wp-content\/uploads\/2025\/12\/Jahreskalender-2026.xlsx.pdf\" type=\"application\/pdf\" style=\"width:100%;height:600px\" aria-label=\"Einbettung von Jahreskalender 2026.xlsx.\"><\/object><a id=\"wp-block-file--media-dda40498-8de5-4139-9f78-100ba4babcc5\" href=\"https:\/\/kleinescherde.de\/wp-content\/uploads\/2025\/12\/Jahreskalender-2026.xlsx.pdf\">Jahreskalender 2026.xlsx<\/a><a href=\"https:\/\/kleinescherde.de\/wp-content\/uploads\/2025\/12\/Jahreskalender-2026.xlsx.pdf\" class=\"wp-block-file__button wp-element-button\" download aria-describedby=\"wp-block-file--media-dda40498-8de5-4139-9f78-100ba4babcc5\">Herunterladen<\/a><\/div>\n\n\n\n<p><\/p>\n\n\n\n<p><strong>Links, die von Interesse sein k\u00f6nnen:<\/strong><\/p>\n\n\n\n<p>\u00dcber den nachfolgenden Link kommen Sie auf die Seite des Ortsrates von Klein Escherde:<\/p>\n\n\n\n<figure class=\"wp-block-embed is-type-wp-embed is-provider-wir-in-klein-escherde wp-block-embed-wir-in-klein-escherde\"><div class=\"wp-block-embed__wrapper\">\n<blockquote class=\"wp-embedded-content\" data-secret=\"oOxUvUewne\"><a href=\"https:\/\/wir-in-klein-escherde.de\/\">Willkommen auf der Homepage der Ortschaft Klein Escherde<\/a><\/blockquote><iframe loading=\"lazy\" class=\"wp-embedded-content\" sandbox=\"allow-scripts\" security=\"restricted\" style=\"position: absolute; visibility: hidden;\" title=\"&#8222;&lt;strong&gt;Willkommen auf der Homepage der Ortschaft Klein Escherde&lt;\/strong&gt;&#8220; &#8211; Wir in Klein Escherde\" src=\"https:\/\/wir-in-klein-escherde.de\/embed#?secret=mQisGDCldB#?secret=oOxUvUewne\" data-secret=\"oOxUvUewne\" width=\"525\" height=\"296\" frameborder=\"0\" marginwidth=\"0\" marginheight=\"0\" scrolling=\"no\"><\/iframe>\n<\/div><\/figure>\n\n\n\n<p><a href=\"https:\/\/www.nordstemmen.de\/rathaus-service\/verwaltungsleitung-gremien\/ortsraete-ortschaften\/ortsrat-ortschaft-klein-escherde\/\" target=\"_blank\" rel=\"noreferrer noopener\">https:\/\/www.nordstemmen.de\/Gemeindeportrait\/Ortschaften\/Klein-Escherde<\/a><\/p>\n\n\n\n<p><a href=\"https:\/\/www.kaki-gw.de\/unsere-pfarrei\/kirchorte-im-gueldenen-winkel\/heilige-familie-klein-escherde-filialkirche\">https:\/\/www.kaki-gw.de\/unsere-pfarrei\/kirchorte-im-gueldenen-winkel\/heilige-familie-klein-escherde-filialkirche<\/a><\/p>\n\n\n\n<p> <a href=\"https:\/\/st-johannes-gross-escherde.wir-e.de\/aktuelles\">https:\/\/st-johannes-gross-escherde.wir-e.de\/aktuelles<\/a><\/p>\n\n\n\n<p><\/p>\n\n\n\n<p><\/p>\n","protected":false},"excerpt":{"rendered":"<p>Ansprechpartner: Ortsb\u00fcrgermeisterin: Stephanie Moyzeschewitz ; \u00dcber den Weiden 13 , Tel: 05069\/4809269 Termine Gesamt\u00fcbersicht Klein Escherde Links, die von Interesse sein k\u00f6nnen: \u00dcber den nachfolgenden Link kommen Sie auf die Seite des Ortsrates von Klein Escherde: https:\/\/www.nordstemmen.de\/Gemeindeportrait\/Ortschaften\/Klein-Escherde https:\/\/www.kaki-gw.de\/unsere-pfarrei\/kirchorte-im-gueldenen-winkel\/heilige-familie-klein-escherde-filialkirche https:\/\/st-johannes-gross-escherde.wir-e.de\/aktuelles<\/p>\n","protected":false},"author":1,"featured_media":0,"parent":0,"menu_order":0,"comment_status":"closed","ping_status":"closed","template":"","meta":{"footnotes":""},"class_list":["post-177","page","type-page","status-publish","hentry"],"_links":{"self":[{"href":"https:\/\/kleinescherde.de\/index.php?rest_route=\/wp\/v2\/pages\/177","targetHints":{"allow":["GET"]}}],"collection":[{"href":"https:\/\/kleinescherde.de\/index.php?rest_route=\/wp\/v2\/pages"}],"about":[{"href":"https:\/\/kleinescherde.de\/index.php?rest_route=\/wp\/v2\/types\/page"}],"author":[{"embeddable":true,"href":"https:\/\/kleinescherde.de\/index.php?rest_route=\/wp\/v2\/users\/1"}],"replies":[{"embeddable":true,"href":"https:\/\/kleinescherde.de\/index.php?rest_route=%2Fwp%2Fv2%2Fcomments&post=177"}],"version-history":[{"count":15,"href":"https:\/\/kleinescherde.de\/index.php?rest_route=\/wp\/v2\/pages\/177\/revisions"}],"predecessor-version":[{"id":432,"href":"https:\/\/kleinescherde.de\/index.php?rest_route=\/wp\/v2\/pages\/177\/revisions\/432"}],"wp:attachment":[{"href":"https:\/\/kleinescherde.de\/index.php?rest_route=%2Fwp%2Fv2%2Fmedia&parent=177"}],"curies":[{"name":"wp","href":"https:\/\/api.w.org\/{rel}","templated":true}]}}